{"id":21082,"date":"2023-02-13T18:16:53","date_gmt":"2023-02-13T18:16:53","guid":{"rendered":"https:\/\/www.omnibus.si\/?page_id=21082"},"modified":"2024-01-22T17:46:51","modified_gmt":"2024-01-22T17:46:51","slug":"inovacije-za-zdravo-poslovno-rast","status":"publish","type":"page","link":"https:\/\/www.omnibus.si\/sl\/delavnice\/inovacije-za-zdravo-poslovno-rast\/","title":{"rendered":"Inovacijske kretnice &#8211; kreativni software za zdravo poslovno rast"},"content":{"rendered":"[spb_row element_name=&#8221;Row&#8221; wrap_type=&#8221;content-width&#8221; parallax_image_height=&#8221;content-height&#8221; parallax_image_movement=&#8221;fixed&#8221; parallax_image_speed=&#8221;0.5&#8243; bg_video_loop=&#8221;yes&#8221; parallax_video_height=&#8221;window-height&#8221; parallax_video_overlay=&#8221;none&#8221; row_overlay_opacity=&#8221;0&#8243; row_col_pos=&#8221;default&#8221; width=&#8221;1\/1&#8243; el_position=&#8221;first last&#8221;] [spb_text_block animation=&#8221;none&#8221; animation_delay=&#8221;0&#8243; simplified_controls=&#8221;yes&#8221; custom_css_percentage=&#8221;no&#8221; padding_vertical=&#8221;0&#8243; padding_horizontal=&#8221;0&#8243; margin_vertical=&#8221;0&#8243; custom_css=&#8221;margin-top: 0px;margin-bottom: 0px;&#8221; border_size=&#8221;0&#8243; border_styling_global=&#8221;default&#8221; width=&#8221;1\/1&#8243; el_position=&#8221;first last&#8221;]\n<div id=\"clanek\">\n<h2><img fetchpriority=\"high\" decoding=\"async\" class=\"aligncenter size-large wp-image-21131\" src=\"https:\/\/www.omnibus.si\/wp-content\/uploads\/2023\/02\/OMNIBUS-Inovacijske-kretnice-1024x683.png\" alt=\"\" width=\"1024\" height=\"683\" srcset=\"https:\/\/www.omnibus.si\/wp-content\/uploads\/2023\/02\/OMNIBUS-Inovacijske-kretnice-1024x683.png 1024w, https:\/\/www.omnibus.si\/wp-content\/uploads\/2023\/02\/OMNIBUS-Inovacijske-kretnice-300x200.png 300w, https:\/\/www.omnibus.si\/wp-content\/uploads\/2023\/02\/OMNIBUS-Inovacijske-kretnice-768x512.png 768w, https:\/\/www.omnibus.si\/wp-content\/uploads\/2023\/02\/OMNIBUS-Inovacijske-kretnice.png 1500w\" sizes=\"(max-width: 1024px) 100vw, 1024px\" \/><br \/>\n<a class=\"sf-button standard accent default  sf-button-rounded\" href=\"http:\/\/www.omnibus.si\/sl\/narocite-delavnico\/\" target=\"_self\" rel=\"\"><span class=\"text\">Stik za naro\u010dilo delavnice<\/span><\/a><\/h2>\n<h2><span style=\"color: #66576b;\">CILJ METODE<\/span><\/h2>\n<p>V\u010dasih pred kak\u0161nim problemom preprosto zastanemo, zablokiramo, in\u00a0 ne najdemo ve\u010d izhoda iz za\u010daranega kroga.<\/p>\n<p>Veliko vlo\u017eenih naporov, \u010dasa, denarja, a vse manj u\u010dinkov.<\/p>\n<p>Za\u010daran krog.<\/p>\n<p>V svoji karieri smo vsi naleteli na tak\u0161ne &#8220;za\u010darane kroge&#8221;, v katerih ne pomaga nobeno zaletavanje v steno. Preprosto se je treba malo odmakniti, se prepustiti ustvarjalni igri in problem pogledati z novega zornega kota. Sledi kreativno zbiranje idej, ki re\u0161ujejo zaznane probleme kupcev oz. uporabnikov &#8211; pri tem pa se ekipo spremlja in vodi skozi zaporedje korakov <strong>vse do pilotne uresni\u010ditve inovacije<\/strong>.<\/p>\n<p><em>Omnibus inovacijske KRETNICE &#8211; Kreativne stopnice za zdravo rast<\/em> &#8211; so izbru\u0161ene v \u017eivih projektih in narejene prav za te primere. V obliki svetovanja, coachinga, mentoriranja in delavnic metoda pomaga projekte, produkte, procese izvle\u010di iz za\u010daranega kroga.<\/p>\n<p>Takoj ko se odblokirajo zastoji, za\u010dnejo skozi na\u0161e projekte kro\u017eiti kreativni sokovi &#8211; teren je pripravljen za <strong>zdravo rast<\/strong>.<\/p>\n<h2>VSEBINA<\/h2>\n<p>Gre za kombinacijo moderiranega brainstorminga in pravega zaporedja korakov do inovativne re\u0161itve problema kupcev oz. uporabnikov.<\/p>\n<p><em>Inovacijske Kretnice<\/em> so ritmi\u010dna me\u0161anica kaosa, ki je nujen za spodbujanje <strong>kreativnosti<\/strong>, in reda, ki je nujen za <strong>dobro odlo\u010danje<\/strong>.<\/p>\n<p>Namen <em>Kretnic<\/em> je prebuditi kreativno iskanje idej, zbrati ideje in nato voditi proces d<strong>o odlo\u010ditve o najbolj ustrezni re\u0161itvi za posamezen problem<\/strong>.<\/p>\n<p>Ko smo v za\u010daranem krogu, se zastoji vle\u010dejo tedne, mesece, celo leta.<\/p>\n<p>Ko odblokiramo zastoj, takoj zmanj\u0161amo \u0161tevilo brezplodnih skupinskih sestankov.<\/p>\n<h2>KATERE PROBLEME RE\u0160UJEJO INOVACIJSKE KRETNICE?<\/h2>\n<ol>\n<li style=\"text-align: left;\"><strong>Izbolj\u0161ave obstoje\u010dih produktov<\/strong><\/li>\n<\/ol>\n<p>\u010ceprav se velikokrat pri inovacijah navaja zvezdnike inovacijskih uspehov, kot so Apple, Netflix, Aldi, Google, itd., je svet mnogo bolj raznolik. Veliko podjetij odli\u010dno \u017eivi in raste od postopnih inovacij &#8211; tudi zgoraj navedeni se tega poslu\u017eujejo.<\/p>\n<p><em>Inovacijske Kretnice<\/em> dajejo odli\u010den veter v jadra ekipam pri izbolj\u0161avah obstoje\u010dih produktov. Pomagajo generirati niz izbolj\u0161av in jih povezati v celoto &#8211; ekipe pove\u017eejo na skupni imenovalec, kar pomaga pri preskoku stopnice naprej!<\/p>\n<p><strong>2. Odblokiranje zastojev pri re\u0161evanju \u0161irokega spektra problemov<\/strong><\/p>\n<p>Inovacijske kretnice so uporabne tudi za re\u0161evanje \u0161irokega spektra problemov v skupinskem okolju.<\/p>\n<p>Z njimi lahko re\u0161imo vpra\u0161anja preureditve pisarn ali pa nujnih izbolj\u0161av novega produkta. \u017delite pripraviti temelje nove trajnostne strategije? Tudi pri tem prisko\u010dijo na pomo\u010d Omnibus kretnice. Vsebinsko jih prilagodimo glede na problem, ki se re\u0161uje.<\/p>\n<p><strong>3. Skraj\u0161anje \u010dasa do priprave skupinske re\u0161itve<\/strong><\/p>\n<p>Njihova izjemna mo\u010d je tudi omejena dol\u017eina. Namesto desetin pogosto brezplodnih sestankov v ve\u010dini primerov zadostujeta dve sre\u010danji z vmesno skupinsko, anonimno anketo. Kretnice slu\u017eijo tudi kot odli\u010dno sredstvo za povezovanje razli\u010dnih oddelkov, saj priskrbijo tudi <strong>skupni imenovalec<\/strong> za bolj usklajeno nadaljevanje projektov.<\/p>\n<p><strong>4. Inovacije produktov in storitev<\/strong><\/p>\n<p>Inovacije zahtevajo izdelavo re\u0161itve, ki predstavlja nov, doslej neznan na\u010din re\u0161evanja problemov uporabnikov oz. kupcev. Pogosto jih spremlja strah pred neuspehom. S Kretnicami vzpostavimo zaporedje korakov, ki vodi od razumevanja problema, ideacije, pa vse do uresni\u010ditve <a href=\"https:\/\/www.omnibus.si\/sl\/minimalno-sprejemljivi-produkt-msp-oz-mvp-n-za-navdih\/\">prototipov oz. pilotne verzije inovativnega produkta<\/a> v \u017eivem okolju.<\/p>\n<h2>JE TO PROGRAMSKA OPREMA<\/h2>\n<p>Ne gre za programsko opremo. Z imenom &#8220;kreativni software&#8221; oz. &#8220;kreativni algoritmi&#8221; sku\u0161am ponazoriti, da tudi pri kreativnem re\u0161evanju problemov obstajajo zaporedja faz, ki pomagajo na poti do re\u0161itve.<\/p>\n<p>Inovacije so namre\u010d kompleksen sistem, ki zahteva zdru\u017eitev logike s kreativnostjo, preteklih podatkov z bolj divjimi in intuitivnimi pogledi v prihodnost.<\/p>\n<p>Moj program &#8211; &#8220;software&#8221; &#8211;\u00a0 je tako vgrajeno zaporedje faz, podprto s <a href=\"https:\/\/www.omnibus.si\/sl\/tehnike-kreativnosti-za-zdravo-rast\/\">tehnikami in strategijami<\/a>, ki udele\u017eencem pomagajo na poti do uresni\u010ditve novih idej na trgu.<\/p>\n<h2>JE POTREBNO PREDZNANJE UDELE\u017dENCEV?<\/h2>\n<p>Seveda pomaga, \u010de je o nekem podro\u010dju v organizaciji \u017ee precej zbranega znanja, ki pa ga je treba predvsem prebuditi in kanalizirati v re\u0161itev. Kadar znanja primanjkuje, naredimo raziskavo in v dodatno za\u010detno delavnico vklju\u010dimo specialiste &#8211; eksperte.<\/p>\n<h2>FIZI\u010cNO ALI ONLINE<\/h2>\n<p>Oboje deluje. Vsaka oblika ima svoje prednosti in slabosti.<\/p>\n<p>Fizi\u010den stik je odli\u010den pri bolj kompleksnih problemih. Zagotovo je bolj igriv in zabaven, saj se v prostorsko povezani skupini ustvari posebna dinamika, ki krepi mo\u010d re\u0161itev.<\/p>\n<p>Online delavnica ima prednost hitrosti in prilagodljivosti delovnemu procesu naro\u010dnika. Z nekaj kratkimi, hitrimi sre\u010danji kombiniramo ankete, zbrane odzive, brainstorming in pripeljemo do izdelave akcijskega na\u010drta.<\/p>\n<p>V obeh primerih pa Kretnice delujejo kot neke vrste aplikacije, ki jih lahko za uporabo prikli\u010demo pri razli\u010dnih zastojih.<\/p>\n<h2><strong>UDELE\u017dENCI<\/strong><\/h2>\n<p>Glavne skupine udele\u017eencev:<\/p>\n<p>&#8211; srednje velike in ve\u010dje organizacije v javnem in zasebnem sektorju<\/p>\n<p>&#8211; dru\u017einska podjetja<\/p>\n<p>Kot re\u010deno, raznolikost pogledov je mo\u010d organizacij. To je tudi osnova inovacijskega jama, zato je dobro imeti na jamu raznoliko zasedbo. Kreativne kretnice dobro povezujejo tako tehni\u010dne kot kreativne sektorje.<\/p>\n<h2>FORMATI KRETNIC<\/h2>\n<p>Formati se razlikujejo glede na to, kak\u0161en problem je treba re\u0161iti.<\/p>\n<p>Poimenovane so z glasbenimi pojmi, saj tudi v poslovnem svetu potrebujemo enote, ki delujejo.<\/p>\n<p>Vhodna to\u010dka je enostavni kreativni<em><strong> \u0160PIL<\/strong><\/em>. Enostavno re\u0161imo problem, ki stoji na poti. Nekaj ur. Ve\u010dkrat online.<\/p>\n<p>Raz\u0161irjeni kreativni \u0161pil je <em><strong>SONG<\/strong><\/em>. Song je skupek re\u0161enih problemov. S tem \u017ee razvijemo nekaj, kar je namenjeno kupcem. Ponavadi gre za manj\u0161i MVP &#8211; minimalno sprejemljivi produkt. Teden do dva. Delno online.<\/p>\n<p><em><strong>ALBUM<\/strong><\/em> je ve\u010dji format. Ve\u010d songov zdru\u017eenih v paket, ki ima rde\u010do nit &#8211; rep in glavo &#8211; in predstavlja temeljito nov produkt. Mesec do tri, odvisno od \u017ee izdelanih songov.<\/p>\n<p><em><strong>NOVI VAL<\/strong><\/em> je dejansko zaklju\u010dena transformacija. Produkt je do te mere spremenjen ali povsem nov, da predstavlja svojo lastno kategorijo. S tem je dose\u017een cilj potovanja v modri ocean. 6 do 12 mesecev.<\/p>\n<h2>KORISTI KRETNIC<\/h2>\n<ul>\n<li>Ekipa se s prehodom iz sestankovalnega v delavni\u010dni re\u017eim mo\u010dneje medsebojno pove\u017ee<\/li>\n<li>S pomo\u010djo spodbujanja kreativnih re\u0161itev se odprejo kanali za izdelavo raznolikih re\u0161itev, ki so tudi bolj prilagojeni spremenjeni konkuren\u010dni resni\u010dnosti<\/li>\n<li>Aktivirana znanja vseh udele\u017eencev poskrbijo za ve\u010djo skupinsko motivacijo pri izdelavi re\u0161itve<\/li>\n<li>Dodatna mo\u017enost dopolnjevanja znanja z vnosi najbolj\u0161e strokovna literatura s podro\u010dja.<\/li>\n<li>Zmes anga\u017eiranosti, povezanega znanja in motivacije pripelje do bolj navdahnjenih izdelkov. S tem se pogosto zmanj\u0161a ali celo povsem ukine potreba po dragih specialistih, ki bi sicer izolirano od ekipe naro\u010dnika pripravili \u00bbzaprtokodne\u00ab re\u0161itve<\/li>\n<li>Pove\u010dana samozavest ekipe na osnovi vmesnih faz in kon\u010dnega produkta<\/li>\n<li>Skraj\u0161anje \u010dasa od ideje do izvedbe zahtevnega projekta. Pogosto se poka\u017ee, da so celo najzahtevnej\u0161i problemi z novim na\u010dinom skupinskega ustvarjanja in odlo\u010danja re\u0161ljivi.<\/li>\n<li>Pridobljene tehnike re\u0161evanja problemov trajno usposobljajo \u010dlane ekip za re\u0161evanje zahtevnih problemov<\/li>\n<\/ul>\n<\/div>\n[\/spb_text_block] [spb_button element_name=&#8221;Gumb&#8221; button_text=&#8221;Stik za naro\u010dilo delavnice&#8221; button_size=&#8221;standard&#8221; button_colour=&#8221;accent&#8221; button_type=&#8221;standard&#8221; rounded=&#8221;no&#8221; button_dropshadow=&#8221;no&#8221; button_link=&#8221;https:\/\/www.omnibus.si\/contact\/&#8221; button_target=&#8221;_self&#8221; align=&#8221;left&#8221; animation=&#8221;none&#8221; animation_delay=&#8221;0&#8243; width=&#8221;1\/1&#8243; el_position=&#8221;first last&#8221;] [spb_text_block animation=&#8221;none&#8221; animation_delay=&#8221;0&#8243; simplified_controls=&#8221;yes&#8221; custom_css_percentage=&#8221;no&#8221; padding_vertical=&#8221;0&#8243; padding_horizontal=&#8221;0&#8243; margin_vertical=&#8221;0&#8243; custom_css=&#8221;margin-top: 0px;margin-bottom: 0px;&#8221; border_size=&#8221;0&#8243; border_styling_global=&#8221;default&#8221; width=&#8221;1\/1&#8243; el_position=&#8221;first last&#8221;]\n<h2>VSEBINA DELAVNIC<\/h2>\n[\/spb_text_block] [spb_accordion width=&#8221;1\/1&#8243; el_position=&#8221;first last&#8221;] [spb_accordion_tab title=&#8221;MODUL: OGREVALNA MENJAVA PERSPEKTIV&#8221; accordion_id=&#8221;modul&#8211;ogrevalna-menjava-perspektiv&#8221; icon=&#8221;&#8221;] [spb_text_block animation=&#8221;none&#8221; animation_delay=&#8221;0&#8243; simplified_controls=&#8221;yes&#8221; custom_css_percentage=&#8221;no&#8221; padding_vertical=&#8221;0&#8243; padding_horizontal=&#8221;0&#8243; margin_vertical=&#8221;0&#8243; custom_css=&#8221;margin-top: 0px;margin-bottom: 0px;&#8221; border_size=&#8221;0&#8243; border_styling_global=&#8221;default&#8221; width=&#8221;1\/1&#8243; el_position=&#8221;first last&#8221;]\n<div id=\"clanek\">Cilj modula je predvsem odvzeti zagon egoisti\u010dnemu tekmovalnemu principu. S primerom ogrejemo dostope do na\u0161e intuicije, odvozlamo te\u017eo vsakdana, sle\u010demo &#8220;\u017eelezne srajce&#8221; prepri\u010danja, da &#8220;mi vedno tako delamo&#8221;.<\/div>\n[\/spb_text_block] [\/spb_accordion_tab] [spb_accordion_tab title=&#8221;Modul: Skupni imenovalec&#8221; accordion_id=&#8221;modul&#8211;skupni-imenovalec&#8221; icon=&#8221;&#8221;] [spb_text_block animation=&#8221;none&#8221; animation_delay=&#8221;0&#8243; simplified_controls=&#8221;yes&#8221; custom_css_percentage=&#8221;no&#8221; padding_vertical=&#8221;0&#8243; padding_horizontal=&#8221;0&#8243; margin_vertical=&#8221;0&#8243; custom_css=&#8221;margin-top: 0px;margin-bottom: 0px;&#8221; border_size=&#8221;0&#8243; border_styling_global=&#8221;default&#8221; width=&#8221;1\/1&#8243; el_position=&#8221;first last&#8221;]\n<p>Na osnovi inputov, dodatnih raziskav, uredimo podatke in v\u010dasih tudi povabljenih ekspertov pripravimo izhodi\u0161\u010da za udele\u017eence.<\/p>\n<p>S tem postavimo skupni imenovalec delavnice in priskrbimo znanja, ki so potrebna za razumevanje samega problema. Kreativci v\u010dasih ne poznajo tehni\u010dnih omejitev, tehniki pa niso seznanjeni z idejami marketinga. To odpravimo s tem modulom.<\/p>\n[\/spb_text_block] [\/spb_accordion_tab] [spb_accordion_tab title=&#8221;Modul: Kreacija idej&#8221; accordion_id=&#8221;modul&#8211;kreacija-idej&#8221; icon=&#8221;&#8221;] [spb_text_block animation=&#8221;none&#8221; animation_delay=&#8221;0&#8243; simplified_controls=&#8221;yes&#8221; custom_css_percentage=&#8221;no&#8221; padding_vertical=&#8221;0&#8243; padding_horizontal=&#8221;0&#8243; margin_vertical=&#8221;0&#8243; border_size=&#8221;0&#8243; border_styling_global=&#8221;default&#8221; width=&#8221;1\/1&#8243; el_position=&#8221;first last&#8221;]\n<p>Cilj modula je zagotoviti vzdu\u0161je, v katerem se v kratkem \u010dasu &#8211; 60 minutah &#8211; zberejo ideje<\/p>\n<p>(1) Igrivo ogrevanje, menjava perspektiv<\/p>\n<p>(2) Zbiranje idej<\/p>\n<p>(3) Moderirano kombiniranje idej<\/p>\n<p>(4) Anonimno ocenjevanje<\/p>\n<p>(5) Rangiranje idej<\/p>\n<p>(6) Interpretacija<\/p>\n[\/spb_text_block] [\/spb_accordion_tab] [spb_accordion_tab title=&#8221;Modul: Scenariji in skice top re\u0161itve&#8221; accordion_id=&#8221;modul&#8211;scenariji-in-skice-top-re-itve&#8221; icon=&#8221;&#8221;] [spb_text_block animation=&#8221;none&#8221; animation_delay=&#8221;0&#8243; simplified_controls=&#8221;yes&#8221; custom_css_percentage=&#8221;no&#8221; padding_vertical=&#8221;0&#8243; padding_horizontal=&#8221;0&#8243; margin_vertical=&#8221;0&#8243; border_size=&#8221;0&#8243; border_styling_global=&#8221;default&#8221; width=&#8221;1\/1&#8243; el_position=&#8221;first last&#8221;]\n<p>Cilj modula je, da se nabrane ideje pove\u017ee v top re\u0161itve, pri \u010demer se upo\u0161teva tudi zna\u010dilnosti branda oz. druge klju\u010dne faktorje.<\/p>\n<p>(1) Igrivo ogrevanje<\/p>\n<p>(2) Kreativna interpretacija idej<\/p>\n<p>(3) Razvoj 3 scenarijev re\u0161itve<\/p>\n<p>(4) Skiciranje re\u0161itve<\/p>\n[\/spb_text_block] [\/spb_accordion_tab] [spb_accordion_tab title=&#8221;Modul: Razvoj novega produkta&#8221; accordion_id=&#8221;modul&#8211;razvoj-novega-produkta&#8221; icon=&#8221;&#8221;] [spb_text_block animation=&#8221;none&#8221; animation_delay=&#8221;0&#8243; simplified_controls=&#8221;yes&#8221; custom_css_percentage=&#8221;no&#8221; padding_vertical=&#8221;0&#8243; padding_horizontal=&#8221;0&#8243; margin_vertical=&#8221;0&#8243; border_size=&#8221;0&#8243; border_styling_global=&#8221;default&#8221; width=&#8221;1\/1&#8243; el_position=&#8221;first last&#8221;]\n<p>To je nadgradnja prvih dveh modulov. V tem primeru se skicirana re\u0161itev za\u010dne spreminjati v produkt. Poudarek je na minimalno sprejemljivem produktu, ki mora tudi navdu\u0161iti testno skupino kupcev oz. uporabnikov.<\/p>\n<p>Re\u0161itve &gt; Skiciranje, Prototip, Testiranje MSP, \u2026, Feedback, itd.<\/p>\n<p>Intenzivnost delavni\u0161kega dela narekujejo potrebe naro\u010dnikov.<\/p>\n<p>V primeru, da gre pri problemih za strokovno zahtevnej\u0161e projekte, ki zahtevajo posebno specialisti\u010dno znanje se vklju\u010di<\/p>\n[\/spb_text_block] [\/spb_accordion_tab] [\/spb_accordion] [spb_text_block animation=&#8221;none&#8221; animation_delay=&#8221;0&#8243; simplified_controls=&#8221;yes&#8221; custom_css_percentage=&#8221;no&#8221; padding_vertical=&#8221;0&#8243; padding_horizontal=&#8221;0&#8243; margin_vertical=&#8221;0&#8243; custom_css=&#8221;margin-top: 0px;margin-bottom: 0px;&#8221; border_size=&#8221;0&#8243; border_styling_global=&#8221;default&#8221; width=&#8221;1\/1&#8243; el_position=&#8221;first last&#8221;]\n<h2>IZVEDBA<\/h2>\n<p>Delavnica je bila sprva pripravljena in izvajana v neposrednem stiku z udele\u017eenci. Pozneje smo delavnico uspe\u0161no prenesli v spletno okolje.<\/p>\n<p>Pri tem glavnina vsebin ostaja nespremenjenih, vendar pa smo poskrbeli za osve\u017eitev in prilagoditev spletnemu mediju. Zagotavljamo tudi mo\u017enost timskega dela v online skupinah.<\/p>\n<p>Na vsak na\u010din poi\u0161\u010demo re\u0161itev, ki je v \u010dim ve\u010dji meri skladna z delovnim procesom naro\u010dnika.<\/p>\n<h2>DODATNE INFORMACIJE<\/h2>\n<p>Veselilo nas bo odgovoriti na vsa vpra\u0161anja in posredovati dodatne informacije.<\/p>\n<p>Dobra vhodna to\u010dka je &#8220;demo&#8221; inovacijska kretnica, kjer predstavimo tehnike in tudi izvedemo problemski \u0161pil na demonstracijskem problemu.<\/p>\n<p>Posredujte nam mail na simon@omnibus.si s pripisom DELAVNICA ali pa uporabite na\u0161 spletni obrazec.<\/p>\n[\/spb_text_block] [spb_button element_name=&#8221;Gumb&#8221; button_text=&#8221;Stik za naro\u010dilo delavnice&#8221; button_size=&#8221;standard&#8221; button_colour=&#8221;accent&#8221; button_type=&#8221;standard&#8221; rounded=&#8221;no&#8221; button_dropshadow=&#8221;no&#8221; button_link=&#8221;https:\/\/www.omnibus.si\/contact\/&#8221; button_target=&#8221;_self&#8221; align=&#8221;left&#8221; animation=&#8221;none&#8221; animation_delay=&#8221;0&#8243; width=&#8221;1\/1&#8243; el_position=&#8221;first last&#8221;] [\/spb_row]\n","protected":false},"excerpt":{"rendered":"<p>[spb_row element_name=&#8221;Row&#8221; wrap_type=&#8221;content-width&#8221; parallax_image_height=&#8221;content-height&#8221; parallax_image_movement=&#8221;fixed&#8221; parallax_image_speed=&#8221;0.5&#8243; bg_video_loop=&#8221;yes&#8221; parallax_video_height=&#8221;window-height&#8221; parallax_video_overlay=&#8221;none&#8221; row_overlay_opacity=&#8221;0&#8243; row_col_pos=&#8221;default&#8221; width=&#8221;1\/1&#8243; el_position=&#8221;first last&#8221;] [spb_text_block animation=&#8221;none&#8221; animation_delay=&#8221;0&#8243; simplified_controls=&#8221;yes&#8221; custom_css_percentage=&#8221;no&#8221; padding_vertical=&#8221;0&#8243; padding_horizontal=&#8221;0&#8243; margin_vertical=&#8221;0&#8243; custom_css=&#8221;margin-top: 0px;margin-bottom: 0px;&#8221; border_size=&#8221;0&#8243; border_styling_global=&#8221;default&#8221; width=&#8221;1\/1&#8243; el_position=&#8221;first last&#8221;] CILJ METODE V\u010dasih pred kak\u0161nim problemom preprosto zastanemo, zablokiramo, in\u00a0 ne najdemo ve\u010d izhoda iz za\u010daranega kroga. Veliko vlo\u017eenih naporov, \u010dasa, denarja, a vse manj u\u010dinkov. Za\u010daran krog. V svoji [&hellip;]<\/p>\n","protected":false},"author":1,"featured_media":21131,"parent":21038,"menu_order":0,"comment_status":"closed","ping_status":"closed","template":"","meta":{"inline_featured_image":false,"footnotes":"","_links_to":"","_links_to_target":""},"class_list":["post-21082","page","type-page","status-publish","has-post-thumbnail","hentry"],"_links":{"self":[{"href":"https:\/\/www.omnibus.si\/sl\/wp-json\/wp\/v2\/pages\/21082","targetHints":{"allow":["GET"]}}],"collection":[{"href":"https:\/\/www.omnibus.si\/sl\/wp-json\/wp\/v2\/pages"}],"about":[{"href":"https:\/\/www.omnibus.si\/sl\/wp-json\/wp\/v2\/types\/page"}],"author":[{"embeddable":true,"href":"https:\/\/www.omnibus.si\/sl\/wp-json\/wp\/v2\/users\/1"}],"replies":[{"embeddable":true,"href":"https:\/\/www.omnibus.si\/sl\/wp-json\/wp\/v2\/comments?post=21082"}],"version-history":[{"count":17,"href":"https:\/\/www.omnibus.si\/sl\/wp-json\/wp\/v2\/pages\/21082\/revisions"}],"predecessor-version":[{"id":21832,"href":"https:\/\/www.omnibus.si\/sl\/wp-json\/wp\/v2\/pages\/21082\/revisions\/21832"}],"up":[{"embeddable":true,"href":"https:\/\/www.omnibus.si\/sl\/wp-json\/wp\/v2\/pages\/21038"}],"wp:featuredmedia":[{"embeddable":true,"href":"https:\/\/www.omnibus.si\/sl\/wp-json\/wp\/v2\/media\/21131"}],"wp:attachment":[{"href":"https:\/\/www.omnibus.si\/sl\/wp-json\/wp\/v2\/media?parent=21082"}],"curies":[{"name":"wp","href":"https:\/\/api.w.org\/{rel}","templated":true}]}}