{"id":20026,"date":"2022-01-31T10:52:18","date_gmt":"2022-01-31T10:52:18","guid":{"rendered":"https:\/\/www.omnibus.si\/?page_id=20026"},"modified":"2022-01-31T13:23:20","modified_gmt":"2022-01-31T13:23:20","slug":"rezultatival9","status":"publish","type":"page","link":"https:\/\/www.omnibus.si\/sl\/rezultatival9\/","title":{"rendered":"Preusmeritev pozornosti &#8211; Od prispevkov k vrednosti"},"content":{"rendered":"<div>\n<p>V \u017earu borbe pogosto oslepimo. Z drugimi besedami: ogromno energijo trgovci in dobavitelji v primeru letnih pogodb vlo\u017eijo v morebitni popust in natezanje zanj. Tudi v tem primeru je to povezano z nezavednim ravnanjem iz katerega se je te\u017eko iztrgati.<\/p>\n<p>Prispevki so seveda stro\u0161ek za dobavitelja in prihodek za trgovca. Zdi se, da tukaj ne moreta zmagati obe strani.<\/p>\n<p>A \u010de stopimo korak nazaj, nas pogled s strani lahko nagradi z veliko vrednostjo.<\/p>\n<p>Uspe\u0161ni trgovci uspe\u0161no prodajajo. In uspe\u0161ni dobavitelji uspe\u0161no prodajajo. \u010ce ni uspe\u0161ne prodaje, potem pove\u010danja % za rabate nikomur ni\u010desar (dolgoro\u010dno) ne prinesejo.<\/p>\n<div>\n<p>Smiselno je zato za hip zapustiti omejitve, ki nam jih prina\u0161a pogled na prispevkih. Ali lahko prispevke razdelimo na tiste, ki so povezani s pove\u010danjem prodaje &#8211; in tiste, ki so namenjene sami sebi. Ali lahko ve\u010d prispevkov ve\u017eemo na projekte, ki prina\u0161ajo dobro prodajo?<\/p>\n<p>S hitrim izra\u010dunom se lahko poka\u017ee, kak\u0161ne koristi lahko prinese pove\u010danje prodaje obema stranema.<\/p>\n<\/div>\n<\/div>\n<div>Rezultati ankete<\/div>\n<div>\n<div class=\"jotform-embed\" style=\"min-height: 1px;\" data-id=\"22029551113604430\" data-type=\"interactive\" data-iframesource=\"www.jotform.com\"><\/div>\n<p><script>(function(doc, id){var scripts=doc.getElementsByTagName(\"script\")[0]; if (!doc.getElementById(id)){var script=doc.createElement(\"script\"); script.async=1; script.id=id; script.src=\"https:\/\/cdn.jotfor.ms\/common\/reportEmbed.js\"; scripts.parentNode.insertBefore(script, scripts);}})(document, \"jotform-async\");<\/script><\/p>\n<\/div>\n","protected":false},"excerpt":{"rendered":"<p>V \u017earu borbe pogosto oslepimo. Z drugimi besedami: ogromno energijo trgovci in dobavitelji v primeru letnih pogodb vlo\u017eijo v morebitni popust in natezanje zanj. Tudi v tem primeru je to povezano z nezavednim ravnanjem iz katerega se je te\u017eko iztrgati. Prispevki so seveda stro\u0161ek za dobavitelja in prihodek za trgovca. Zdi se, da tukaj ne moreta zmagati obe strani. A [&hellip;]<\/p>\n","protected":false},"author":1,"featured_media":0,"parent":0,"menu_order":0,"comment_status":"closed","ping_status":"closed","template":"","meta":{"inline_featured_image":false,"footnotes":"","_links_to":"","_links_to_target":""},"class_list":["post-20026","page","type-page","status-publish","hentry"],"_links":{"self":[{"href":"https:\/\/www.omnibus.si\/sl\/wp-json\/wp\/v2\/pages\/20026","targetHints":{"allow":["GET"]}}],"collection":[{"href":"https:\/\/www.omnibus.si\/sl\/wp-json\/wp\/v2\/pages"}],"about":[{"href":"https:\/\/www.omnibus.si\/sl\/wp-json\/wp\/v2\/types\/page"}],"author":[{"embeddable":true,"href":"https:\/\/www.omnibus.si\/sl\/wp-json\/wp\/v2\/users\/1"}],"replies":[{"embeddable":true,"href":"https:\/\/www.omnibus.si\/sl\/wp-json\/wp\/v2\/comments?post=20026"}],"version-history":[{"count":3,"href":"https:\/\/www.omnibus.si\/sl\/wp-json\/wp\/v2\/pages\/20026\/revisions"}],"predecessor-version":[{"id":20034,"href":"https:\/\/www.omnibus.si\/sl\/wp-json\/wp\/v2\/pages\/20026\/revisions\/20034"}],"wp:attachment":[{"href":"https:\/\/www.omnibus.si\/sl\/wp-json\/wp\/v2\/media?parent=20026"}],"curies":[{"name":"wp","href":"https:\/\/api.w.org\/{rel}","templated":true}]}}