{"id":20023,"date":"2022-01-31T10:43:25","date_gmt":"2022-01-31T10:43:25","guid":{"rendered":"https:\/\/www.omnibus.si\/?page_id=20023"},"modified":"2022-01-31T10:43:25","modified_gmt":"2022-01-31T10:43:25","slug":"rezultatival8","status":"publish","type":"page","link":"https:\/\/www.omnibus.si\/sl\/rezultatival8\/","title":{"rendered":"Preusmeritev pozornosti &#8211; Izjemni izdelki, slaba prodaja"},"content":{"rendered":"<div id=\"clanek\">Ena mo\u017enost je, da imate revolucionaren izdelek in trg preprosto \u0161e ni pripravljen nanj.<\/div>\n<div>A ta mo\u017enost je majhna. Tudi \u0161tevilo Van Goghov v svetovnem merilu je zelo omejeno.<\/div>\n<div><\/div>\n<div>Na bolj verjetno mo\u017enost opozarja tale primer\u010dek.<\/div>\n<div><\/div>\n<div>V podjetju, ki imenitno izdeluje gospodinjske aparate so pred leti razvili skoraj nesli\u0161en me\u0161alnik za sadje. V razvoj so vlo\u017eili veliko \u010dasa in vrhunskega in\u017eenirskega znanja. Toda izdelek je na trgu spodletel. Kupci so bolj od nesli\u0161nega \u017eeleli me\u0161alnik, ki dobro re\u017ee sadje!<\/div>\n<div><\/div>\n<div>Klju\u010dna konkuren\u010dna prednost je seveda tista, zaradi katere se kupci odlo\u010dajo za izdelke, storitve, brande. Brez diferenciacije in prepoznavne pozicije na trgu pa\u010d ne gre. Toda v poskusih, da bi se diferencirale, organizacije pogosto vlagajo velika sredstva v razvoj lastnosti, ki niso pomembne za kon\u010dnega kupca.<\/div>\n<div><\/div>\n<div>Zato ob problemih z izjemnostjo ponovno premislite &#8211; ali va\u0161 me\u0161alnik re\u017ee sadje!<\/div>\n<div>\n<p>Rezultati ankete<\/p>\n<div class=\"jotform-embed\" style=\"min-height: 1px;\" data-id=\"22029551113604430\" data-type=\"interactive\" data-iframesource=\"www.jotform.com\"><\/div>\n<p><script>(function(doc, id){var scripts=doc.getElementsByTagName(\"script\")[0]; if (!doc.getElementById(id)){var script=doc.createElement(\"script\"); script.async=1; script.id=id; script.src=\"https:\/\/cdn.jotfor.ms\/common\/reportEmbed.js\"; scripts.parentNode.insertBefore(script, scripts);}})(document, \"jotform-async\");<\/script><\/p>\n<\/div>\n","protected":false},"excerpt":{"rendered":"<p>Ena mo\u017enost je, da imate revolucionaren izdelek in trg preprosto \u0161e ni pripravljen nanj. A ta mo\u017enost je majhna. Tudi \u0161tevilo Van Goghov v svetovnem merilu je zelo omejeno. Na bolj verjetno mo\u017enost opozarja tale primer\u010dek. V podjetju, ki imenitno izdeluje gospodinjske aparate so pred leti razvili skoraj nesli\u0161en me\u0161alnik za sadje. V razvoj so vlo\u017eili veliko \u010dasa in vrhunskega [&hellip;]<\/p>\n","protected":false},"author":1,"featured_media":0,"parent":0,"menu_order":0,"comment_status":"closed","ping_status":"closed","template":"","meta":{"inline_featured_image":false,"footnotes":"","_links_to":"","_links_to_target":""},"class_list":["post-20023","page","type-page","status-publish","hentry"],"_links":{"self":[{"href":"https:\/\/www.omnibus.si\/sl\/wp-json\/wp\/v2\/pages\/20023","targetHints":{"allow":["GET"]}}],"collection":[{"href":"https:\/\/www.omnibus.si\/sl\/wp-json\/wp\/v2\/pages"}],"about":[{"href":"https:\/\/www.omnibus.si\/sl\/wp-json\/wp\/v2\/types\/page"}],"author":[{"embeddable":true,"href":"https:\/\/www.omnibus.si\/sl\/wp-json\/wp\/v2\/users\/1"}],"replies":[{"embeddable":true,"href":"https:\/\/www.omnibus.si\/sl\/wp-json\/wp\/v2\/comments?post=20023"}],"version-history":[{"count":1,"href":"https:\/\/www.omnibus.si\/sl\/wp-json\/wp\/v2\/pages\/20023\/revisions"}],"predecessor-version":[{"id":20025,"href":"https:\/\/www.omnibus.si\/sl\/wp-json\/wp\/v2\/pages\/20023\/revisions\/20025"}],"wp:attachment":[{"href":"https:\/\/www.omnibus.si\/sl\/wp-json\/wp\/v2\/media?parent=20023"}],"curies":[{"name":"wp","href":"https:\/\/api.w.org\/{rel}","templated":true}]}}