{"id":20006,"date":"2022-01-30T23:59:03","date_gmt":"2022-01-30T23:59:03","guid":{"rendered":"https:\/\/www.omnibus.si\/?page_id=20006"},"modified":"2022-01-30T23:59:03","modified_gmt":"2022-01-30T23:59:03","slug":"rezultatival4","status":"publish","type":"page","link":"https:\/\/www.omnibus.si\/sl\/rezultatival4\/","title":{"rendered":"Preusmeritev pozornosti &#8211; Skriti potenciali"},"content":{"rendered":"<div id=\"clanek\">\nKaj pa \u010de &#8230;<\/p>\n<p>Lahko pa je tudi: Ne najeti specialisti, marve\u010d: vsak je svoje sre\u010de kova\u010d. Najprej se usmerite v svoje lastne mo\u010di. Kaj \u017ee znate, kaj lahko naredite sami? Skupaj izdelajte prvi prototip bodo\u010dega produkta.<br \/>\n\u0160ele potem ocenite, kje potrebujete specialiste do kon\u010dnega uspeha.<br \/>\n V\u010dasih namre\u010d specialisti za posamezna podro\u010dja preprosto prinesejo dodano vrednost oz. re\u0161itev, za katero so izurjeni.<br \/>\nA to je ponavadi takrat, ko imajo zelo dobre vhodne podatke in je precej jasno, kako se bo njihova re\u0161itev vklju\u010dila v strategijo podjetja. \u0160e ve\u010dkrat pa se od specialistov pri\u010dakuje nemogo\u010de. Pogosto je to vezano na njihovo podobo ali modnost, medtem ko se ekipe stalno zaposlenih odve\u017eejo vseh odgovornosti. <\/p>\n<p>Rezultati ankete<\/p>\n<div class=\"jotform-embed\" style=\"min-height: 1px;\" data-id=\"22029551113604430\" data-type=\"interactive\" data-iframesource=\"www.jotform.com\"><\/div>\n<p><script>(function(doc, id){var scripts=doc.getElementsByTagName(\"script\")[0]; if (!doc.getElementById(id)){var script=doc.createElement(\"script\"); script.async=1; script.id=id; script.src=\"https:\/\/cdn.jotfor.ms\/common\/reportEmbed.js\"; scripts.parentNode.insertBefore(script, scripts);}})(document, \"jotform-async\");<\/script><\/p>\n<\/div>\n","protected":false},"excerpt":{"rendered":"<p>Kaj pa \u010de &#8230; Lahko pa je tudi: Ne najeti specialisti, marve\u010d: vsak je svoje sre\u010de kova\u010d. Najprej se usmerite v svoje lastne mo\u010di. Kaj \u017ee znate, kaj lahko naredite sami? Skupaj izdelajte prvi prototip bodo\u010dega produkta. \u0160ele potem ocenite, kje potrebujete specialiste do kon\u010dnega uspeha. V\u010dasih namre\u010d specialisti za posamezna podro\u010dja preprosto prinesejo dodano vrednost oz. re\u0161itev, za katero [&hellip;]<\/p>\n","protected":false},"author":1,"featured_media":0,"parent":0,"menu_order":0,"comment_status":"closed","ping_status":"closed","template":"","meta":{"inline_featured_image":false,"footnotes":"","_links_to":"","_links_to_target":""},"class_list":["post-20006","page","type-page","status-publish","hentry"],"_links":{"self":[{"href":"https:\/\/www.omnibus.si\/sl\/wp-json\/wp\/v2\/pages\/20006","targetHints":{"allow":["GET"]}}],"collection":[{"href":"https:\/\/www.omnibus.si\/sl\/wp-json\/wp\/v2\/pages"}],"about":[{"href":"https:\/\/www.omnibus.si\/sl\/wp-json\/wp\/v2\/types\/page"}],"author":[{"embeddable":true,"href":"https:\/\/www.omnibus.si\/sl\/wp-json\/wp\/v2\/users\/1"}],"replies":[{"embeddable":true,"href":"https:\/\/www.omnibus.si\/sl\/wp-json\/wp\/v2\/comments?post=20006"}],"version-history":[{"count":2,"href":"https:\/\/www.omnibus.si\/sl\/wp-json\/wp\/v2\/pages\/20006\/revisions"}],"predecessor-version":[{"id":20009,"href":"https:\/\/www.omnibus.si\/sl\/wp-json\/wp\/v2\/pages\/20006\/revisions\/20009"}],"wp:attachment":[{"href":"https:\/\/www.omnibus.si\/sl\/wp-json\/wp\/v2\/media?parent=20006"}],"curies":[{"name":"wp","href":"https:\/\/api.w.org\/{rel}","templated":true}]}}