{"id":20005,"date":"2022-01-30T23:58:23","date_gmt":"2022-01-30T23:58:23","guid":{"rendered":"https:\/\/www.omnibus.si\/?page_id=20005"},"modified":"2022-01-30T23:58:23","modified_gmt":"2022-01-30T23:58:23","slug":"rezultatival3","status":"publish","type":"page","link":"https:\/\/www.omnibus.si\/sl\/rezultatival3\/","title":{"rendered":"Preusmeritev pozornosti &#8211; Ni\u0161ni izdelki"},"content":{"rendered":"<div id=\"clanek\">\nKaj pa \u010de &#8230;<\/p>\n<p>Najprej dosegljivo, potem nedosegljivo. Ali kot pravi slovenski pregovor: Izhojene poti ne daj za neizhojeno.<br \/>\nV tem primeru si lahko torej re\u010demo: kaj pa \u010de se z ni\u0161nimi izdelki sploh ne bi ukvarjal, marve\u010d bi z njihovimi lastnostmi opremil svoje uveljavljene izdelke.<br \/>\nV primerjavi s primerom 2 gre tukaj za obratno situacijo.<br \/>\nPot v prihodnost je nejasna. Velike vsote sredstev in \u010dasa se vlaga v iskanje t.i. modrih oceanov, kjer domnevno \u0161e ni konkurence. (Vsi \u017eelijo biti novi Google, AirBnb, Amazon). Medtem se izgublja vez z glavno skupino kupcev, ki je po definiciji najcenej\u0161a.<br \/>\nLahko se zgodi, da na koncu ostane\u0161 brez modrega oceana in \u0161e potopljen na dno rde\u010dega oceana. <\/p>\n<p>Rezultati ankete<\/p>\n<div class=\"jotform-embed\" style=\"min-height: 1px;\" data-id=\"22029551113604430\" data-type=\"interactive\" data-iframesource=\"www.jotform.com\"><\/div>\n<p><script>(function(doc, id){var scripts=doc.getElementsByTagName(\"script\")[0]; if (!doc.getElementById(id)){var script=doc.createElement(\"script\"); script.async=1; script.id=id; script.src=\"https:\/\/cdn.jotfor.ms\/common\/reportEmbed.js\"; scripts.parentNode.insertBefore(script, scripts);}})(document, \"jotform-async\");<\/script><\/p>\n<\/div>\n","protected":false},"excerpt":{"rendered":"<p>Kaj pa \u010de &#8230; Najprej dosegljivo, potem nedosegljivo. Ali kot pravi slovenski pregovor: Izhojene poti ne daj za neizhojeno. V tem primeru si lahko torej re\u010demo: kaj pa \u010de se z ni\u0161nimi izdelki sploh ne bi ukvarjal, marve\u010d bi z njihovimi lastnostmi opremil svoje uveljavljene izdelke. V primerjavi s primerom 2 gre tukaj za obratno situacijo. Pot v prihodnost je [&hellip;]<\/p>\n","protected":false},"author":1,"featured_media":0,"parent":0,"menu_order":0,"comment_status":"closed","ping_status":"closed","template":"","meta":{"inline_featured_image":false,"footnotes":"","_links_to":"","_links_to_target":""},"class_list":["post-20005","page","type-page","status-publish","hentry"],"_links":{"self":[{"href":"https:\/\/www.omnibus.si\/sl\/wp-json\/wp\/v2\/pages\/20005","targetHints":{"allow":["GET"]}}],"collection":[{"href":"https:\/\/www.omnibus.si\/sl\/wp-json\/wp\/v2\/pages"}],"about":[{"href":"https:\/\/www.omnibus.si\/sl\/wp-json\/wp\/v2\/types\/page"}],"author":[{"embeddable":true,"href":"https:\/\/www.omnibus.si\/sl\/wp-json\/wp\/v2\/users\/1"}],"replies":[{"embeddable":true,"href":"https:\/\/www.omnibus.si\/sl\/wp-json\/wp\/v2\/comments?post=20005"}],"version-history":[{"count":1,"href":"https:\/\/www.omnibus.si\/sl\/wp-json\/wp\/v2\/pages\/20005\/revisions"}],"predecessor-version":[{"id":20007,"href":"https:\/\/www.omnibus.si\/sl\/wp-json\/wp\/v2\/pages\/20005\/revisions\/20007"}],"wp:attachment":[{"href":"https:\/\/www.omnibus.si\/sl\/wp-json\/wp\/v2\/media?parent=20005"}],"curies":[{"name":"wp","href":"https:\/\/api.w.org\/{rel}","templated":true}]}}