{"id":20002,"date":"2022-01-30T23:49:13","date_gmt":"2022-01-30T23:49:13","guid":{"rendered":"https:\/\/www.omnibus.si\/?page_id=20002"},"modified":"2022-01-30T23:49:13","modified_gmt":"2022-01-30T23:49:13","slug":"rezultatival2","status":"publish","type":"page","link":"https:\/\/www.omnibus.si\/sl\/rezultatival2\/","title":{"rendered":"Preusmeritev pozornosti &#8211; Premalo kupcev, ki cenijo kakovost"},"content":{"rendered":"<div id=\"clanek\">\nKaj pa \u010de &#8230;<\/p>\n<p>Predlog je velik zasuk koncepta.<\/p>\n<p>\u010ce ste npr. trgovec in \u017eelite prodati nekaj ve\u010d zdravih izdelkov &#8211; poskusite zasukati koncept. Kaj \u010de bi prodajali le zdrave izdelke in se vpra\u0161ali, koliko drugih izdelkov \u0161e potrebujete za uspeh.<\/p>\n<p>Verjamemo, da bi bila v tem odmevna ni\u0161a. <\/p>\n<p>Predstavljajte si trgovino, ki bi prodajala tak\u0161en nabor izdelkov, da bi imela izmerjeno najmanj\u0161i oglji\u010dni odtis v ve\u010djem mestu &#8211; ali pa regiji.<br \/>\nKdo bi za tak\u0161no trgovino sploh \u0161e potreboval reklamo?<br \/>\nNa Slova\u0161kem smo si lani z naro\u010dnikom v okviru dopolnitve delavnic ogledali premium lokalno verigo Yeme, ki je \u017ee na poti k temu. Tudi avstrijski Mpreis je v osemdesetih zasukal pogled in izrazito zmanj\u0161al promocije, s tem pa pridobil posebno zaupanje kupcev (in dodano vrednost).   <\/p>\n<p>Rezultati ankete<\/p>\n<div class=\"jotform-embed\" style=\"min-height: 1px;\" data-id=\"22029551113604430\" data-type=\"interactive\" data-iframesource=\"www.jotform.com\"><\/div>\n<p><script>(function(doc, id){var scripts=doc.getElementsByTagName(\"script\")[0]; if (!doc.getElementById(id)){var script=doc.createElement(\"script\"); script.async=1; script.id=id; script.src=\"https:\/\/cdn.jotfor.ms\/common\/reportEmbed.js\"; scripts.parentNode.insertBefore(script, scripts);}})(document, \"jotform-async\");<\/script><\/p>\n<\/div>\n","protected":false},"excerpt":{"rendered":"<p>Kaj pa \u010de &#8230; Predlog je velik zasuk koncepta. \u010ce ste npr. trgovec in \u017eelite prodati nekaj ve\u010d zdravih izdelkov &#8211; poskusite zasukati koncept. Kaj \u010de bi prodajali le zdrave izdelke in se vpra\u0161ali, koliko drugih izdelkov \u0161e potrebujete za uspeh. Verjamemo, da bi bila v tem odmevna ni\u0161a. Predstavljajte si trgovino, ki bi prodajala tak\u0161en nabor izdelkov, da bi [&hellip;]<\/p>\n","protected":false},"author":1,"featured_media":0,"parent":0,"menu_order":0,"comment_status":"closed","ping_status":"closed","template":"","meta":{"inline_featured_image":false,"footnotes":"","_links_to":"","_links_to_target":""},"class_list":["post-20002","page","type-page","status-publish","hentry"],"_links":{"self":[{"href":"https:\/\/www.omnibus.si\/sl\/wp-json\/wp\/v2\/pages\/20002","targetHints":{"allow":["GET"]}}],"collection":[{"href":"https:\/\/www.omnibus.si\/sl\/wp-json\/wp\/v2\/pages"}],"about":[{"href":"https:\/\/www.omnibus.si\/sl\/wp-json\/wp\/v2\/types\/page"}],"author":[{"embeddable":true,"href":"https:\/\/www.omnibus.si\/sl\/wp-json\/wp\/v2\/users\/1"}],"replies":[{"embeddable":true,"href":"https:\/\/www.omnibus.si\/sl\/wp-json\/wp\/v2\/comments?post=20002"}],"version-history":[{"count":1,"href":"https:\/\/www.omnibus.si\/sl\/wp-json\/wp\/v2\/pages\/20002\/revisions"}],"predecessor-version":[{"id":20003,"href":"https:\/\/www.omnibus.si\/sl\/wp-json\/wp\/v2\/pages\/20002\/revisions\/20003"}],"wp:attachment":[{"href":"https:\/\/www.omnibus.si\/sl\/wp-json\/wp\/v2\/media?parent=20002"}],"curies":[{"name":"wp","href":"https:\/\/api.w.org\/{rel}","templated":true}]}}