{"id":20000,"date":"2022-01-30T23:57:49","date_gmt":"2022-01-30T23:57:49","guid":{"rendered":"https:\/\/www.omnibus.si\/?page_id=20000"},"modified":"2022-01-30T23:57:49","modified_gmt":"2022-01-30T23:57:49","slug":"rezultatival1-2","status":"publish","type":"page","link":"https:\/\/www.omnibus.si\/sl\/rezultatival1-2\/","title":{"rendered":"Preusmeritev pozornosti &#8211; Namesto obrambe tr\u017enega dele\u017ea"},"content":{"rendered":"<div id=\"clanek\">\nKaj pa \u010de &#8230;<\/p>\n<p>preusmerite pozornost pro\u010d od obrambe tr\u017enega dele\u017ea in poi\u0161\u010dite segmente, kjer morda \u017ee sedaj rastete. Kaj se zgodi, \u010de se prefokusirate na rasto\u010de segmente in za\u010dnete sistemati\u010dno re\u0161evati te\u017eave kupcev z osve\u017eenimi in nadgrajenimi produkti?<\/p>\n<p>Sicer pa je ta nevarnost pogosta, vsi se sre\u010dujemo z njo. Tako ljudje kot organizacije (ki jih sestavljajo ljudje) smo namre\u010d nagnjeni k uporabi starih vzorcih oz. ustaljenih poti.<\/p>\n<p>Medtem ko branimo tradicionalne izdelke, se lahko trg nepovratno spremeni. Najslavnej\u0161i primer je Kodak. Tako dolgo je vztrajal v obrambi svojega tr\u017enega dele\u017ea na podro\u010dju klasi\u010dnih fotoaparatov, da se je nazadnje potopil skupaj z nakupi malih podjetij &#8211; namesto prestopa v prodajo digitalnih kamer.\u00a0<\/p>\n<p>Seveda so primeri tudi bli\u017eje: k Muri, Tamu, itd se premika kar nekaj potapljajo\u010dih se slovenskih blagovnih znamk, tudi nekdaj mogo\u010dnih in velikih z izjemnimi izhodi\u0161\u010dnimi polo\u017eaji.\u00a0<\/p>\n<p>Rezultati ankete<\/p>\n<div class=\"jotform-embed\" style=\"min-height: 1px;\" data-id=\"22029551113604430\" data-type=\"interactive\" data-iframesource=\"www.jotform.com\"><\/div>\n<p><script>(function(doc, id){var scripts=doc.getElementsByTagName(\"script\")[0]; if (!doc.getElementById(id)){var script=doc.createElement(\"script\"); script.async=1; script.id=id; script.src=\"https:\/\/cdn.jotfor.ms\/common\/reportEmbed.js\"; scripts.parentNode.insertBefore(script, scripts);}})(document, \"jotform-async\");<\/script><\/p>\n<\/div>\n","protected":false},"excerpt":{"rendered":"<p>Kaj pa \u010de &#8230; preusmerite pozornost pro\u010d od obrambe tr\u017enega dele\u017ea in poi\u0161\u010dite segmente, kjer morda \u017ee sedaj rastete. Kaj se zgodi, \u010de se prefokusirate na rasto\u010de segmente in za\u010dnete sistemati\u010dno re\u0161evati te\u017eave kupcev z osve\u017eenimi in nadgrajenimi produkti? Sicer pa je ta nevarnost pogosta, vsi se sre\u010dujemo z njo. Tako ljudje kot organizacije (ki jih sestavljajo ljudje) smo namre\u010d [&hellip;]<\/p>\n","protected":false},"author":1,"featured_media":0,"parent":0,"menu_order":0,"comment_status":"closed","ping_status":"closed","template":"","meta":{"inline_featured_image":false,"footnotes":"","_links_to":"","_links_to_target":""},"class_list":["post-20000","page","type-page","status-publish","hentry"],"_links":{"self":[{"href":"https:\/\/www.omnibus.si\/sl\/wp-json\/wp\/v2\/pages\/20000","targetHints":{"allow":["GET"]}}],"collection":[{"href":"https:\/\/www.omnibus.si\/sl\/wp-json\/wp\/v2\/pages"}],"about":[{"href":"https:\/\/www.omnibus.si\/sl\/wp-json\/wp\/v2\/types\/page"}],"author":[{"embeddable":true,"href":"https:\/\/www.omnibus.si\/sl\/wp-json\/wp\/v2\/users\/1"}],"replies":[{"embeddable":true,"href":"https:\/\/www.omnibus.si\/sl\/wp-json\/wp\/v2\/comments?post=20000"}],"version-history":[{"count":1,"href":"https:\/\/www.omnibus.si\/sl\/wp-json\/wp\/v2\/pages\/20000\/revisions"}],"predecessor-version":[{"id":20004,"href":"https:\/\/www.omnibus.si\/sl\/wp-json\/wp\/v2\/pages\/20000\/revisions\/20004"}],"wp:attachment":[{"href":"https:\/\/www.omnibus.si\/sl\/wp-json\/wp\/v2\/media?parent=20000"}],"curies":[{"name":"wp","href":"https:\/\/api.w.org\/{rel}","templated":true}]}}