{"id":17382,"date":"2018-07-30T16:40:56","date_gmt":"2018-07-30T16:40:56","guid":{"rendered":"https:\/\/www.omnibus.si\/retail-consulting\/"},"modified":"2023-02-13T20:40:38","modified_gmt":"2023-02-13T20:40:38","slug":"poslovno-svetovanje","status":"publish","type":"page","link":"https:\/\/www.omnibus.si\/sl\/poslovno-svetovanje\/","title":{"rendered":"Poslovno svetovanje"},"content":{"rendered":"[spb_row element_name=&#8221;Row&#8221; wrap_type=&#8221;full-width-contained&#8221; row_bg_type=&#8221;image&#8221; color_row_height=&#8221;content-height&#8221; bg_type=&#8221;cover&#8221; parallax_image_height=&#8221;content-height&#8221; parallax_image_movement=&#8221;scroll&#8221; parallax_image_speed=&#8221;standard&#8221; bg_video_loop=&#8221;yes&#8221; parallax_video_height=&#8221;window-height&#8221; row_top_style=&#8221;none&#8221; row_bottom_style=&#8221;none&#8221; parallax_video_overlay=&#8221;none&#8221; row_overlay_opacity=&#8221;0&#8243; remove_element_spacing=&#8221;no&#8221; row_col_spacing=&#8221;0&#8243; row_col_pos=&#8221;center&#8221; row_col_content_pos=&#8221;center&#8221; row_col_equal_heights=&#8221;yes&#8221; row_expanding=&#8221;no&#8221; row_animation=&#8221;none&#8221; row_animation_delay=&#8221;0&#8243; minimize_row=&#8221;no&#8221; simplified_controls=&#8221;yes&#8221; custom_css_percentage=&#8221;no&#8221; custom_css=&#8221;margin-top: 0px;margin-bottom: 0px;&#8221; border_styling_global=&#8221;default&#8221; el_class=&#8221;bg-blue&#8221; width=&#8221;1\/1&#8243; el_position=&#8221;first last&#8221;] [spb_column col_animation=&#8221;none&#8221; col_animation_delay=&#8221;0&#8243; col_bg_type=&#8221;cover&#8221; col_parallax_image_movement=&#8221;fixed&#8221; col_parallax_image_speed=&#8221;0.5&#8243; col_padding=&#8221;0&#8243; col_vertical_offset=&#8221;0&#8243; col_horizontal_offset=&#8221;0&#8243; col_custom_zindex=&#8221;0&#8243; col_sm=&#8221;12&#8243; simplified_controls=&#8221;yes&#8221; custom_css_percentage=&#8221;yes&#8221; padding_vertical=&#8221;0&#8243; padding_horizontal=&#8221;0&#8243; margin_vertical=&#8221;0&#8243; custom_css=&#8221;margin-top: 0px;margin-bottom: 0px;&#8221; border_styling_global=&#8221;default&#8221; width=&#8221;1\/1&#8243; el_position=&#8221;first last&#8221;] [spb_text_block animation=&#8221;none&#8221; animation_delay=&#8221;0&#8243; simplified_controls=&#8221;yes&#8221; custom_css_percentage=&#8221;no&#8221; padding_vertical=&#8221;0&#8243; padding_horizontal=&#8221;0&#8243; margin_vertical=&#8221;0&#8243; custom_css=&#8221;margin-top: 0px;margin-bottom: 0px;&#8221; border_size=&#8221;0&#8243; border_styling_global=&#8221;default&#8221; width=&#8221;1\/1&#8243; el_position=&#8221;first last&#8221;]\n<p><img fetchpriority=\"high\" decoding=\"async\" class=\"alignnone size-full wp-image-19567\" src=\"https:\/\/www.omnibus.si\/wp-content\/uploads\/2021\/04\/932021_40.png\" alt=\"\" width=\"5333\" height=\"4000\" srcset=\"https:\/\/www.omnibus.si\/wp-content\/uploads\/2021\/04\/932021_40.png 5333w, https:\/\/www.omnibus.si\/wp-content\/uploads\/2021\/04\/932021_40-300x225.png 300w, https:\/\/www.omnibus.si\/wp-content\/uploads\/2021\/04\/932021_40-1024x768.png 1024w, https:\/\/www.omnibus.si\/wp-content\/uploads\/2021\/04\/932021_40-768x576.png 768w, https:\/\/www.omnibus.si\/wp-content\/uploads\/2021\/04\/932021_40-1536x1152.png 1536w, https:\/\/www.omnibus.si\/wp-content\/uploads\/2021\/04\/932021_40-2048x1536.png 2048w, https:\/\/www.omnibus.si\/wp-content\/uploads\/2021\/04\/932021_40-600x450.png 600w, https:\/\/www.omnibus.si\/wp-content\/uploads\/2021\/04\/932021_40-900x675.png 900w\" sizes=\"(max-width: 5333px) 100vw, 5333px\" \/><\/p>\n[\/spb_text_block] [spb_text_block animation=&#8221;none&#8221; animation_delay=&#8221;0&#8243; simplified_controls=&#8221;yes&#8221; custom_css_percentage=&#8221;no&#8221; padding_vertical=&#8221;0&#8243; padding_horizontal=&#8221;0&#8243; margin_vertical=&#8221;0&#8243; custom_css=&#8221;margin-top: 0px;margin-bottom: 0px;&#8221; border_size=&#8221;0&#8243; border_styling_global=&#8221;default&#8221; width=&#8221;1\/1&#8243; el_position=&#8221;first last&#8221;]\n<p>\u010ce \u010dlovek dobi vro\u010dino, ponavadi obi\u0161\u010de zdravnika. Ne tistega, ki je specializiran za vro\u010dino, marve\u010d tak\u0161nega, ki nas razume dovolj celovito, da ugotovi <strong>vzrok<\/strong> vro\u010dine. Iz poznavanja vzroka sledi <strong>recept<\/strong> za ozdravitev. Tukaj je uspeh odvisen tudi od tega, da skupaj sprejmemo pot do re\u0161itve. Potem sledi <strong>ozdravitev<\/strong>. V\u010dasih pride hitreje, v\u010dasih po\u010dasneje. Dober zdravnik nam lahko pomaga v vseh fazah te poti.<\/p>\n<p>Poslovno svetovanje vidim podobno. Vselej posku\u0161am celovito razumeti naro\u010dnika, poiskati vzrok problema in skupaj z njim zastaviti pot do re\u0161itve.<\/p>\n<p>Poznavanje <strong>psihologije kupcev<\/strong> sem zdru\u017eil z 20-letnimi <strong>izku\u0161njami<\/strong> iz skoraj vseh podro\u010dij trgovine.\u00a0Svetovanje, ki ga izvajam, je tako primerno za regijske trgovce, specialisti\u010dne trgovine, dobavitelje izdelkov, IT podjetja in izvajalce storitev za trgovski sektor.<\/p>\n<p>Pri svetovalnih re\u0161itvah kombiniram tako &#8220;mehke&#8221; kot &#8220;trde&#8221; faktorje, od razumevanja informatike in algoritmov, pa do v\u017eivljanja v ob\u010dutke kupcev. Izku\u0161nje pritrjujejo, da je izjemno pomemben del delujo\u010dih re\u0161itev motiviranost za spremembe. Ta pa je pogosto vezana na vero v to, kar po\u010dnemo.<\/p>\n<p>Ali znam vselej izstreliti re\u0161itve? Ne. Verjamem namre\u010d, da je dobro svetovanje <strong>me\u0161anica znanja in u\u010denja<\/strong>.<\/p>\n<p>Predvsem je za za\u010detek treba prestaviti.<\/p>\n[\/spb_text_block] [\/spb_column] [\/spb_row] [spb_row element_name=&#8221;Row&#8221; wrap_type=&#8221;full-width-contained&#8221; row_bg_type=&#8221;color&#8221; color_row_height=&#8221;content-height&#8221; bg_type=&#8221;cover&#8221; parallax_image_height=&#8221;content-height&#8221; parallax_image_movement=&#8221;fixed&#8221; parallax_image_speed=&#8221;standard&#8221; bg_video_loop=&#8221;yes&#8221; parallax_video_height=&#8221;window-height&#8221; row_top_style=&#8221;none&#8221; row_bottom_style=&#8221;none&#8221; parallax_video_overlay=&#8221;none&#8221; row_overlay_opacity=&#8221;0&#8243; remove_element_spacing=&#8221;no&#8221; row_col_spacing=&#8221;0&#8243; row_col_pos=&#8221;default&#8221; row_col_equal_heights=&#8221;no&#8221; row_expanding=&#8221;no&#8221; row_animation=&#8221;none&#8221; row_animation_delay=&#8221;0&#8243; minimize_row=&#8221;no&#8221; simplified_controls=&#8221;yes&#8221; custom_css_percentage=&#8221;no&#8221; custom_css=&#8221;margin-top: 0px;margin-bottom: 0px;&#8221; border_styling_global=&#8221;default&#8221; width=&#8221;1\/1&#8243; el_position=&#8221;first last&#8221;] [spb_column col_sm=&#8221;12&#8243; padding_horizontal=&#8221;0&#8243; width=&#8221;1\/1&#8243; el_position=&#8221;first last&#8221;] [spb_text_block element_name=&#8221;Reference-1-slajd&#8221; title=&#8221;Reference-1-slajd&#8221; animation=&#8221;none&#8221; animation_delay=&#8221;0&#8243; simplified_controls=&#8221;yes&#8221; custom_css_percentage=&#8221;no&#8221; padding_vertical=&#8221;0&#8243; padding_horizontal=&#8221;0&#8243; margin_vertical=&#8221;0&#8243; custom_css=&#8221;margin-top: 0px;margin-bottom: 0px;&#8221; border_size=&#8221;0&#8243; border_styling_global=&#8221;default&#8221; width=&#8221;1\/1&#8243; el_position=&#8221;first last&#8221;]\n<p><img decoding=\"async\" class=\"size-full wp-image-19581\" src=\"https:\/\/www.omnibus.si\/wp-content\/uploads\/2021\/04\/reference.jpg\" alt=\"\" width=\"960\" height=\"720\" \/><\/p>\n<p style=\"text-align: center;\">&#8230; in drugi<\/p>\n[\/spb_text_block] [spb_blank_spacer height=&#8221;30px&#8221; width=&#8221;1\/1&#8243; el_position=&#8221;first last&#8221;] [spb_text_block animation=&#8221;none&#8221; animation_delay=&#8221;0&#8243; simplified_controls=&#8221;yes&#8221; custom_css_percentage=&#8221;no&#8221; padding_vertical=&#8221;0&#8243; padding_horizontal=&#8221;0&#8243; margin_vertical=&#8221;0&#8243; custom_css=&#8221;margin-top: 0px;margin-bottom: 0px;&#8221; border_size=&#8221;0&#8243; border_styling_global=&#8221;default&#8221; width=&#8221;1\/1&#8243; el_position=&#8221;first last&#8221;]\n<h2>Nekaj svetovalnih dose\u017ekov, na katere smo ponosni<\/h2>\n[\/spb_text_block] [spb_text_block animation=&#8221;none&#8221; animation_delay=&#8221;0&#8243; simplified_controls=&#8221;yes&#8221; custom_css_percentage=&#8221;no&#8221; padding_vertical=&#8221;0&#8243; padding_horizontal=&#8221;0&#8243; margin_vertical=&#8221;0&#8243; custom_css=&#8221;margin-top: 0px;margin-bottom: 0px;&#8221; border_size=&#8221;0&#8243; border_styling_global=&#8221;default&#8221; width=&#8221;1\/1&#8243; el_position=&#8221;first last&#8221;]\n<div id=\"clanek\">\n<ul>\n<li>Maloprodajni formati trgovin velikega slovenskega podjetja, ki odli\u010dno funkcionirajo tudi ve\u010d kot 15 let od nastanka. Spremenile so se tehnologije, toda osnovni elementi procesa in organizacije prodajnega prostora ostajajo.<\/li>\n<li>Pred kratkim prejeto povpra\u0161evanje naro\u010dnika, za katerega smo svetovanje izvajali pred ve\u010d kot 10 leti: &#8220;Res je, dolgo se nisva sli\u0161ala. A vsaj \u0161e 5 let smo za celotno mre\u017eo uporabljali predloge in navodila, ki ste jih pripravili ob projektu pilotne trgovine.&#8221;<\/li>\n<li>Direktor ekolo\u0161kega podjetja: &#8220;Vedel sem, da je za uspeh pomembno postaviti izdelke na prava mesta v trgovinah. A nisem vedel, kje so ta mesta, dokler mi jih nisi pokazal.&#8221;<\/li>\n<li>&#8220;Kako ste to naredili? Ali nam lahko po\u0161ljete vse materiale?&#8221; \u0160vicarski predstavniki megakorporacije, ki so rezultate na\u0161ega lokalnega projekta vzeli za dobro prakso. Po tem je vodja klju\u010dnih kupcev, ki je pozneje postal direktor velikega multinacionalnega podjetja, izjavil: &#8220;Mislili smo, da se bomo u\u010dili od predstavnikov \u0161vicarske na\u0161e korporacije, a dejansko so oni pri\u0161li zbirati dobre prakse k nam&#8221;<\/li>\n<li>Celoviti standardi pozicioniranja izdelkov in navodila za ureditev prodajnega mesta so ostali v uporabi tudi po prevzemu s strani velikanskega konglomerata, ki slovi po svojih marketin\u0161kih kapacitetah.<\/li>\n<li>&#8220;Ob koncu leta ti lahko povem, da je sodelovanje z Omnibusom leto\u0161nja najbolj\u0161a investicija&#8221; (direktor mednarodnega podjetja iz sektorja pija\u010d)<\/li>\n<li>Ve\u010d kot enkrat smo dobili posel po tem, ko so organizacije s kupi\u00a0 papirjev zapustili predstavniki slavnih svetovalnih podjetij.<\/li>\n<li>Naro\u010dnik je pripravljal projekt A &#8211; implementacijo avtomatizacije maloprodajnih procesov z enim od softwarskih gigantov. So\u010dasno je nekaj malega vlo\u017eil v svetovalni projekt Omnibusa, ki naj bi poskrbel za pripravo ustreznih projektnih inputov za projekt A. Po 2 letih je naro\u010dnik zaradi zamotanosti odstopil od projekta A in se raje naslonil na \u017ee delujo\u010do re\u0161itev, ki smo jo v vmesnem \u010dasu z minimalnimi sredstvi pripravili z njegovo ekipo.<\/li>\n<li>\u0160e ena resni\u010dna anekdota. Po nenadni menjavi uprave, ki je naro\u010dila na\u0161 svetovalni projekt, je na\u0161 projekt razumljivo izgubil podporo nove uprave; kljub temu smo po nekaj mesecih vendarle uspeli generalnemu direktorju predstaviti dose\u017eke in poglede na razvoj naro\u010denega produkta. Nastala je ti\u0161ina. &#8220;Premi\u0161ljujem &#8230;Mi bi se morali sre\u010dati \u017ee prej. Gremo sedaj \u010dimprej naprej!&#8221;<\/li>\n<\/ul>\n<\/div>\n[\/spb_text_block] [spb_divider type=&#8221;standard&#8221; text=&#8221;Go to top&#8221; top_margin=&#8221;0px&#8221; bottom_margin=&#8221;30px&#8221; fullwidth=&#8221;no&#8221; width=&#8221;1\/1&#8243; el_position=&#8221;first last&#8221;] [\/spb_column] [spb_text_block animation=&#8221;none&#8221; animation_delay=&#8221;0&#8243; simplified_controls=&#8221;yes&#8221; custom_css_percentage=&#8221;no&#8221; padding_vertical=&#8221;0&#8243; padding_horizontal=&#8221;0&#8243; margin_vertical=&#8221;0&#8243; custom_css=&#8221;margin-top: 0px;margin-bottom: 0px;&#8221; border_size=&#8221;0&#8243; border_styling_global=&#8221;default&#8221; width=&#8221;1\/1&#8243; el_position=&#8221;first last&#8221;]\n<p>Zakaj ne bi kak\u0161ne uspe\u0161ne zgodbe na zgornji seznam dodali tudi mi?<\/p>\n[\/spb_text_block] [spb_icon_box box_type=&#8221;vertical-contained&#8221; box_icon_type=&#8221;icon&#8221; icon=&#8221;fa-arrow-right&#8221; svg_icon=&#8221;sport-outline_user-run&#8221; animate_svg=&#8221;yes&#8221; target=&#8221;_self&#8221; animation=&#8221;none&#8221; animation_delay=&#8221;0&#8243; icon_color=&#8221;#29b6f6&#8243; icon_bg_color=&#8221;#f0f9ff&#8221; animated_box_style=&#8221;coloured&#8221; animated_box_rounded=&#8221;yes&#8221; width=&#8221;1\/3&#8243; el_position=&#8221;first&#8221;]\n<p>Za la\u017eji za\u010detek vas prosim, \u010de na kratko opi\u0161ete izziv, s katerim se soo\u010date.<\/p>\n[\/spb_icon_box] [spb_icon_box box_type=&#8221;vertical-contained&#8221; box_icon_type=&#8221;icon&#8221; icon=&#8221;fa-arrow-right&#8221; svg_icon=&#8221;sport-outline_user-run&#8221; animate_svg=&#8221;yes&#8221; target=&#8221;_self&#8221; animation=&#8221;none&#8221; animation_delay=&#8221;0&#8243; icon_color=&#8221;#29b6f6&#8243; icon_bg_color=&#8221;#f0f9ff&#8221; animated_box_style=&#8221;coloured&#8221; animated_box_rounded=&#8221;yes&#8221; width=&#8221;1\/3&#8243;]\n<p>Posredujte ga na simon@omnibus.si<\/p>\n[\/spb_icon_box] [spb_icon_box box_type=&#8221;vertical-contained&#8221; box_icon_type=&#8221;icon&#8221; icon=&#8221;nucleo-icon-check-square&#8221; svg_icon=&#8221;sport-outline_user-run&#8221; animate_svg=&#8221;yes&#8221; target=&#8221;_self&#8221; animation=&#8221;none&#8221; animation_delay=&#8221;0&#8243; icon_color=&#8221;#29b6f6&#8243; icon_bg_color=&#8221;#f0f9ff&#8221; animated_box_style=&#8221;coloured&#8221; animated_box_rounded=&#8221;yes&#8221; width=&#8221;1\/3&#8243; el_position=&#8221;last&#8221;]\n<p>Dogovorimo se za 30-minutni uvodni online pogovor v \u017eivo.<\/p>\n[\/spb_icon_box] [spb_button element_name=&#8221;Get Started&#8221; button_text=&#8221;Stik&#8221; button_size=&#8221;standard&#8221; button_colour=&#8221;accent&#8221; button_type=&#8221;standard&#8221; rounded=&#8221;no&#8221; button_dropshadow=&#8221;no&#8221; button_link=&#8221;\/sl\/contact\/&#8221; button_target=&#8221;_self&#8221; align=&#8221;right&#8221; animation=&#8221;none&#8221; animation_delay=&#8221;0&#8243; width=&#8221;1\/1&#8243; el_position=&#8221;first last&#8221;] [spb_blank_spacer height=&#8221;120px&#8221; width=&#8221;1\/1&#8243; el_position=&#8221;first last&#8221;] [spb_text_block animation=&#8221;none&#8221; animation_delay=&#8221;0&#8243; simplified_controls=&#8221;no&#8221; custom_css_percentage=&#8221;no&#8221; padding_vertical=&#8221;0&#8243; padding_horizontal=&#8221;0&#8243; margin_vertical=&#8221;0&#8243; custom_css=&#8221;margin-top: 0px;margin-bottom: 0px;padding-right: 30px;&#8221; border_size=&#8221;0&#8243; border_styling_global=&#8221;default&#8221; el_class=&#8221;desniblok&#8221; width=&#8221;3\/4&#8243; el_position=&#8221;first&#8221;]\n<p>Po online sre\u010danju pripravimo <strong>za\u010detni 2-stranski predlog<\/strong>, v katerem je zarisana pot do cilja z glavnimi postajami.<\/p>\n<p>Pripravljene imamo 3 oblike sodelovanja &#8211; od \u010distega svetovanja v smeri re\u0161itve, do intenzivne analitike in celostnega usmerjanja projektov.<\/p>\n<p>Skupaj se dogovorimo, kaj bi najbolje delovalo za vas in uspe\u0161no pot do pri\u010dakovanega rezultata.<\/p>\n[\/spb_text_block] [spb_text_block animation=&#8221;none&#8221; animation_delay=&#8221;0&#8243; simplified_controls=&#8221;yes&#8221; custom_css_percentage=&#8221;no&#8221; padding_vertical=&#8221;0&#8243; padding_horizontal=&#8221;0&#8243; margin_vertical=&#8221;0&#8243; custom_css=&#8221;margin-top: 0px;margin-bottom: 0px;&#8221; border_size=&#8221;0&#8243; border_styling_global=&#8221;default&#8221; el_class=&#8221;desniblok&#8221; width=&#8221;1\/4&#8243; el_position=&#8221;last&#8221;]\n<p>Svetovanje lahko poteka v sloven\u0161\u010dini, srbohrva\u0161\u010dini, angle\u0161\u010dini ali nem\u0161\u010dini, odvisno od va\u0161e ekipe. Po \u017eelji jezikovno prilagodimo\u00a0 tudi materiale.<\/p>\n[\/spb_text_block] [\/spb_row]\n","protected":false},"excerpt":{"rendered":"<p>[spb_row element_name=&#8221;Row&#8221; wrap_type=&#8221;full-width-contained&#8221; row_bg_type=&#8221;image&#8221; color_row_height=&#8221;content-height&#8221; bg_type=&#8221;cover&#8221; parallax_image_height=&#8221;content-height&#8221; parallax_image_movement=&#8221;scroll&#8221; parallax_image_speed=&#8221;standard&#8221; bg_video_loop=&#8221;yes&#8221; parallax_video_height=&#8221;window-height&#8221; row_top_style=&#8221;none&#8221; row_bottom_style=&#8221;none&#8221; parallax_video_overlay=&#8221;none&#8221; row_overlay_opacity=&#8221;0&#8243; remove_element_spacing=&#8221;no&#8221; row_col_spacing=&#8221;0&#8243; row_col_pos=&#8221;center&#8221; row_col_content_pos=&#8221;center&#8221; row_col_equal_heights=&#8221;yes&#8221; row_expanding=&#8221;no&#8221; row_animation=&#8221;none&#8221; row_animation_delay=&#8221;0&#8243; minimize_row=&#8221;no&#8221; simplified_controls=&#8221;yes&#8221; custom_css_percentage=&#8221;no&#8221; custom_css=&#8221;margin-top: 0px;margin-bottom: 0px;&#8221; border_styling_global=&#8221;default&#8221; el_class=&#8221;bg-blue&#8221; width=&#8221;1\/1&#8243; el_position=&#8221;first last&#8221;] [spb_column col_animation=&#8221;none&#8221; col_animation_delay=&#8221;0&#8243; col_bg_type=&#8221;cover&#8221; col_parallax_image_movement=&#8221;fixed&#8221; col_parallax_image_speed=&#8221;0.5&#8243; col_padding=&#8221;0&#8243; col_vertical_offset=&#8221;0&#8243; col_horizontal_offset=&#8221;0&#8243; col_custom_zindex=&#8221;0&#8243; col_sm=&#8221;12&#8243; simplified_controls=&#8221;yes&#8221; custom_css_percentage=&#8221;yes&#8221; padding_vertical=&#8221;0&#8243; padding_horizontal=&#8221;0&#8243; margin_vertical=&#8221;0&#8243; custom_css=&#8221;margin-top: 0px;margin-bottom: 0px;&#8221; border_styling_global=&#8221;default&#8221; width=&#8221;1\/1&#8243; el_position=&#8221;first last&#8221;] [spb_text_block animation=&#8221;none&#8221; animation_delay=&#8221;0&#8243; [&hellip;]<\/p>\n","protected":false},"author":1,"featured_media":0,"parent":0,"menu_order":0,"comment_status":"closed","ping_status":"closed","template":"","meta":{"inline_featured_image":false,"footnotes":"","_links_to":"","_links_to_target":""},"class_list":["post-17382","page","type-page","status-publish","hentry"],"_links":{"self":[{"href":"https:\/\/www.omnibus.si\/sl\/wp-json\/wp\/v2\/pages\/17382","targetHints":{"allow":["GET"]}}],"collection":[{"href":"https:\/\/www.omnibus.si\/sl\/wp-json\/wp\/v2\/pages"}],"about":[{"href":"https:\/\/www.omnibus.si\/sl\/wp-json\/wp\/v2\/types\/page"}],"author":[{"embeddable":true,"href":"https:\/\/www.omnibus.si\/sl\/wp-json\/wp\/v2\/users\/1"}],"replies":[{"embeddable":true,"href":"https:\/\/www.omnibus.si\/sl\/wp-json\/wp\/v2\/comments?post=17382"}],"version-history":[{"count":30,"href":"https:\/\/www.omnibus.si\/sl\/wp-json\/wp\/v2\/pages\/17382\/revisions"}],"predecessor-version":[{"id":21101,"href":"https:\/\/www.omnibus.si\/sl\/wp-json\/wp\/v2\/pages\/17382\/revisions\/21101"}],"wp:attachment":[{"href":"https:\/\/www.omnibus.si\/sl\/wp-json\/wp\/v2\/media?parent=17382"}],"curies":[{"name":"wp","href":"https:\/\/api.w.org\/{rel}","templated":true}]}}