{"id":17379,"date":"2015-01-01T11:39:28","date_gmt":"2015-01-01T11:39:28","guid":{"rendered":"https:\/\/www.omnibus.si\/insights\/"},"modified":"2025-04-02T14:19:11","modified_gmt":"2025-04-02T14:19:11","slug":"insights","status":"publish","type":"page","link":"https:\/\/www.omnibus.si\/sl\/insights\/","title":{"rendered":"Uvidi: kri\u017ei\u0161\u010de med inovacijami, strategijo in upravljanjem blagovnih skupin"},"content":{"rendered":"[spb_blog blog_type=&#8221;masonry&#8221; gutters=&#8221;yes&#8221; columns=&#8221;3&#8243; fullwidth=&#8221;no&#8221; item_count=&#8221;120&#8243; category=&#8221;All&#8221; offset=&#8221;0&#8243; order_by=&#8221;date&#8221; order=&#8221;DESC&#8221; show_title=&#8221;yes&#8221; show_excerpt=&#8221;yes&#8221; show_details=&#8221;yes&#8221; excerpt_length=&#8221;53&#8243; content_output=&#8221;excerpt&#8221; show_read_more=&#8221;yes&#8221; social_integration=&#8221;no&#8221; blog_filter=&#8221;yes&#8221; basic_blog_filter=&#8221;no&#8221; pagination=&#8221;infinite-scroll&#8221; width=&#8221;1\/1&#8243; el_position=&#8221;first last&#8221;]\n","protected":false},"excerpt":{"rendered":"<p>[spb_blog blog_type=&#8221;masonry&#8221; gutters=&#8221;yes&#8221; columns=&#8221;3&#8243; fullwidth=&#8221;no&#8221; item_count=&#8221;120&#8243; category=&#8221;All&#8221; offset=&#8221;0&#8243; order_by=&#8221;date&#8221; order=&#8221;DESC&#8221; show_title=&#8221;yes&#8221; show_excerpt=&#8221;yes&#8221; show_details=&#8221;yes&#8221; excerpt_length=&#8221;53&#8243; content_output=&#8221;excerpt&#8221; show_read_more=&#8221;yes&#8221; social_integration=&#8221;no&#8221; blog_filter=&#8221;yes&#8221; basic_blog_filter=&#8221;no&#8221; pagination=&#8221;infinite-scroll&#8221; width=&#8221;1\/1&#8243; el_position=&#8221;first last&#8221;]<\/p>\n","protected":false},"author":1,"featured_media":0,"parent":0,"menu_order":0,"comment_status":"open","ping_status":"closed","template":"page-insights-hub.php","meta":{"inline_featured_image":false,"footnotes":"","_links_to":"","_links_to_target":""},"class_list":["post-17379","page","type-page","status-publish","hentry"],"_links":{"self":[{"href":"https:\/\/www.omnibus.si\/sl\/wp-json\/wp\/v2\/pages\/17379","targetHints":{"allow":["GET"]}}],"collection":[{"href":"https:\/\/www.omnibus.si\/sl\/wp-json\/wp\/v2\/pages"}],"about":[{"href":"https:\/\/www.omnibus.si\/sl\/wp-json\/wp\/v2\/types\/page"}],"author":[{"embeddable":true,"href":"https:\/\/www.omnibus.si\/sl\/wp-json\/wp\/v2\/users\/1"}],"replies":[{"embeddable":true,"href":"https:\/\/www.omnibus.si\/sl\/wp-json\/wp\/v2\/comments?post=17379"}],"version-history":[{"count":10,"href":"https:\/\/www.omnibus.si\/sl\/wp-json\/wp\/v2\/pages\/17379\/revisions"}],"predecessor-version":[{"id":23350,"href":"https:\/\/www.omnibus.si\/sl\/wp-json\/wp\/v2\/pages\/17379\/revisions\/23350"}],"wp:attachment":[{"href":"https:\/\/www.omnibus.si\/sl\/wp-json\/wp\/v2\/media?parent=17379"}],"curies":[{"name":"wp","href":"https:\/\/api.w.org\/{rel}","templated":true}]}}